{"id":1181,"date":"2023-07-28T17:03:43","date_gmt":"2023-07-28T20:03:43","guid":{"rendered":"https:\/\/pelepequenoprincipe.org.br\/politica-de-cookies\/"},"modified":"2024-07-09T20:07:36","modified_gmt":"2024-07-09T23:07:36","slug":"cookies-policy","status":"publish","type":"page","link":"https:\/\/pelepequenoprincipe.org.br\/en\/cookies-policy\/","title":{"rendered":"Cookies Policy"},"content":{"rendered":"\r\n<p class=\"p2\">Coletamos <i>Cookies<\/i>* (pequenos peda\u00e7os de informa\u00e7\u00f5es armazenados no seu computador) para verificar quem voc\u00ea \u00e9. Alguns desses cookies s\u00e3o usados para autentica\u00e7\u00e3o do Usu\u00e1rio e outros para conveni\u00eancia, para \u2018lembrar\u2019 de voc\u00ea e suas prefer\u00eancias, seja para uma \u00fanica visita (por meio de um \u2018cookie de sess\u00e3o\u2019) ou para v\u00e1rias visitas repetidas (usando um \u2018cookie persistente\u2019).<\/p>\r\n<p class=\"p3\">*Cookie: arquivo colocado em seu computador para rastrear movimentos dentro do site, como visitas as p\u00e1ginas e an\u00fancios. Cookies n\u00e3o armazenam informa\u00e7\u00f5es pessoais sem que voc\u00ea as tenha fornecido e n\u00e3o coletam informa\u00e7\u00f5es registradas em seu computador.<\/p>\r\n<p class=\"p4\">Os cookies s\u00e3o separados em algumas categorias.<\/p>\r\n<p class=\"p4\"><span class=\"s1\">Cookies Necess\u00e1rios<\/span> s\u00e3o os <i>cookies<\/i> essenciais para fazer com que o nosso site funcione corretamente, permitindo que o Usu\u00e1rio navegue e utilize o site com todas as suas funcionalidades. A recusa desses <i>cookies<\/i> implica em n\u00e3o funcionamento de parte do site.<\/p>\r\n<p class=\"p4\"><span class=\"s1\">Cookies de Desempenho<\/span> s\u00e3o os <i>cookies<\/i> que permitem entender como o usu\u00e1rio interage com o site, fornecendo informa\u00e7\u00f5es sobre as \u00e1reas visitadas, o tempo gasto no site e eventuais problemas encontrados. Esses <i>cookies<\/i> ajudam a melhorar o desempenho do site e n\u00e3o identificam o usu\u00e1rio, sendo todos os dados coletados e agregados anonimamente.<\/p>\r\n<p class=\"p4\"><span class=\"s1\">Cookies de Conveni\u00eancia<\/span> permitem que nosso site lembre das escolhas feitas pelo Usu\u00e1rio, facilitando o acesso e utiliza\u00e7\u00e3o da nossa plataforma em uma pr\u00f3xima oportunidade. Esses cookies podem coletar informa\u00e7\u00f5es pessoais divulgados pelo pr\u00f3prio usu\u00e1rio e expiram aproximadamente ap\u00f3s um ano de sua armazenagem.<\/p>\r\n<p class=\"p4\"><span class=\"s1\">Cookies de Redes Sociais<\/span> permitem que o Usu\u00e1rio acesse nossas campanhas e plataformas de doa\u00e7\u00e3o a partir de links e leads lan\u00e7ados em nossas plataformas sociais e, ap\u00f3s o t\u00e9rmino da respectiva campanha, permitem que o <b>PEQUENO PR\u00cdNCIPE<\/b> fa\u00e7a o <i>retarget<\/i> dos potenciais doadores buscando nova arrecada\u00e7\u00e3o de doa\u00e7\u00f5es.<\/p>\r\n<p class=\"p4\">O site do <b>PEQUENO PR\u00cdNCIPE<\/b> utiliza por padr\u00e3o cookies fornecidos pelo <i>Google Analytics<\/i>, um servi\u00e7o fornecido pela <i>Google Inc<\/i>., 1600 Anphitheatre Parkway, Mountain View, CA 94043, Estados Unidos (\u201cGoogle\u201d). O Google analisar\u00e1 o uso do nosso <i>website<\/i> em nosso nome usando tamb\u00e9m os <i>cookies<\/i> descritos acima.<span class=\"Apple-converted-space\">\u00a0<\/span><\/p>\r\n<p class=\"p4\">A informa\u00e7\u00e3o coletada pelo Google em rela\u00e7\u00e3o ao seu uso do nosso <i>website<\/i> (por exemplo, o URL de refer\u00eancia, nossas p\u00e1ginas da Web visitadas por voc\u00ea, seu tipo de navegador, suas configura\u00e7\u00f5es de idioma, seu sistema operacional, a resolu\u00e7\u00e3o da tela) ser\u00e1 transmitida para um servidor do Google nos EUA, onde ser\u00e1 armazenado e analisado.<\/p>\r\n<p class=\"p4\">Os resultados respectivos ser\u00e3o disponibilizados a n\u00f3s de forma an\u00f4nima. Seus dados de uso n\u00e3o ser\u00e3o conectados ao seu endere\u00e7o IP completo durante este processo. Voc\u00ea pode revogar o seu consentimento para o uso da an\u00e1lise da web a qualquer momento, baixando e instalando o <i>plugin<\/i> do navegador da Google.<\/p>\r\n<p class=\"p4\">Para mais informa\u00e7\u00f5es sobre o <i>Google Analytics<\/i> voc\u00ea pode acessar diretamente a p\u00e1gina da <span class=\"s2\">Pol\u00edtica de Privacidade e Prote\u00e7\u00e3o de Dados<\/span> do Google.<\/p>\r\n","protected":false},"excerpt":{"rendered":"<p>Coletamos Cookies* (pequenos peda\u00e7os de informa\u00e7\u00f5es armazenados no seu computador) para verificar quem voc\u00ea \u00e9. Alguns desses cookies s\u00e3o usados para autentica\u00e7\u00e3o do Usu\u00e1rio e outros para conveni\u00eancia, para \u2018lembrar\u2019 de voc\u00ea e suas prefer\u00eancias, seja para uma \u00fanica visita (por meio de um \u2018cookie de sess\u00e3o\u2019) ou para v\u00e1rias visitas repetidas (usando um \u2018cookie [&hellip;]<\/p>\n","protected":false},"author":1,"featured_media":0,"parent":0,"menu_order":8,"comment_status":"closed","ping_status":"open","template":"","meta":{"_acf_changed":false,"footnotes":""},"class_list":["post-1181","page","type-page","status-publish","hentry"],"acf":[],"yoast_head":"<!-- This site is optimized with the Yoast SEO plugin v26.2 - https:\/\/yoast.com\/wordpress\/plugins\/seo\/ -->\n<title>Cookies Policy - Instituto de Pesquisa Pel\u00e9 Pequeno Principe<\/title>\n<meta name=\"robots\" content=\"index, follow, max-snippet:-1, max-image-preview:large, max-video-preview:-1\" \/>\n<link rel=\"canonical\" href=\"https:\/\/pelepequenoprincipe.org.br\/politica-de-cookies\/\" \/>\n<meta property=\"og:locale\" content=\"en_US\" \/>\n<meta property=\"og:type\" content=\"article\" \/>\n<meta property=\"og:title\" content=\"Cookies Policy - Instituto de Pesquisa Pel\u00e9 Pequeno Principe\" \/>\n<meta property=\"og:description\" content=\"Coletamos Cookies* (pequenos peda\u00e7os de informa\u00e7\u00f5es armazenados no seu computador) para verificar quem voc\u00ea \u00e9. Alguns desses cookies s\u00e3o usados para autentica\u00e7\u00e3o do Usu\u00e1rio e outros para conveni\u00eancia, para \u2018lembrar\u2019 de voc\u00ea e suas prefer\u00eancias, seja para uma \u00fanica visita (por meio de um \u2018cookie de sess\u00e3o\u2019) ou para v\u00e1rias visitas repetidas (usando um \u2018cookie [&hellip;]\" \/>\n<meta property=\"og:url\" content=\"https:\/\/pelepequenoprincipe.org.br\/politica-de-cookies\/\" \/>\n<meta property=\"og:site_name\" content=\"Instituto de Pesquisa Pel\u00e9 Pequeno Principe\" \/>\n<meta property=\"article:modified_time\" content=\"2024-07-09T23:07:36+00:00\" \/>\n<meta name=\"twitter:card\" content=\"summary_large_image\" \/>\n<meta name=\"twitter:label1\" content=\"Est. reading time\" \/>\n\t<meta name=\"twitter:data1\" content=\"3 minutes\" \/>\n<script type=\"application\/ld+json\" class=\"yoast-schema-graph\">{\"@context\":\"https:\/\/schema.org\",\"@graph\":[{\"@type\":\"WebPage\",\"@id\":\"https:\/\/pelepequenoprincipe.org.br\/politica-de-cookies\/\",\"url\":\"https:\/\/pelepequenoprincipe.org.br\/politica-de-cookies\/\",\"name\":\"Cookies Policy - Instituto de Pesquisa Pel\u00e9 Pequeno Principe\",\"isPartOf\":{\"@id\":\"https:\/\/pelepequenoprincipe.org.br\/#website\"},\"datePublished\":\"2023-07-28T20:03:43+00:00\",\"dateModified\":\"2024-07-09T23:07:36+00:00\",\"breadcrumb\":{\"@id\":\"https:\/\/pelepequenoprincipe.org.br\/politica-de-cookies\/#breadcrumb\"},\"inLanguage\":\"en-US\",\"potentialAction\":[{\"@type\":\"ReadAction\",\"target\":[\"https:\/\/pelepequenoprincipe.org.br\/politica-de-cookies\/\"]}]},{\"@type\":\"BreadcrumbList\",\"@id\":\"https:\/\/pelepequenoprincipe.org.br\/politica-de-cookies\/#breadcrumb\",\"itemListElement\":[{\"@type\":\"ListItem\",\"position\":1,\"name\":\"In\u00edcio\",\"item\":\"https:\/\/pelepequenoprincipe.org.br\/en\/\"},{\"@type\":\"ListItem\",\"position\":2,\"name\":\"Cookies Policy\"}]},{\"@type\":\"WebSite\",\"@id\":\"https:\/\/pelepequenoprincipe.org.br\/#website\",\"url\":\"https:\/\/pelepequenoprincipe.org.br\/\",\"name\":\"Instituto de Pesquisa Pel\u00e9 Pequeno Principe\",\"description\":\"\",\"publisher\":{\"@id\":\"https:\/\/pelepequenoprincipe.org.br\/#organization\"},\"potentialAction\":[{\"@type\":\"SearchAction\",\"target\":{\"@type\":\"EntryPoint\",\"urlTemplate\":\"https:\/\/pelepequenoprincipe.org.br\/?s={search_term_string}\"},\"query-input\":{\"@type\":\"PropertyValueSpecification\",\"valueRequired\":true,\"valueName\":\"search_term_string\"}}],\"inLanguage\":\"en-US\"},{\"@type\":\"Organization\",\"@id\":\"https:\/\/pelepequenoprincipe.org.br\/#organization\",\"name\":\"Instituto de Pesquisa Pel\u00e9 Pequeno Principe\",\"url\":\"https:\/\/pelepequenoprincipe.org.br\/\",\"logo\":{\"@type\":\"ImageObject\",\"inLanguage\":\"en-US\",\"@id\":\"https:\/\/pelepequenoprincipe.org.br\/#\/schema\/logo\/image\/\",\"url\":\"https:\/\/pelepequenoprincipe.org.br\/wp-content\/uploads\/2025\/04\/thumb-logo.png\",\"contentUrl\":\"https:\/\/pelepequenoprincipe.org.br\/wp-content\/uploads\/2025\/04\/thumb-logo.png\",\"width\":370,\"height\":230,\"caption\":\"Instituto de Pesquisa Pel\u00e9 Pequeno Principe\"},\"image\":{\"@id\":\"https:\/\/pelepequenoprincipe.org.br\/#\/schema\/logo\/image\/\"},\"sameAs\":[\"https:\/\/www.instagram.com\/institutopelepequenoprincipe\",\"https:\/\/www.linkedin.com\/company\/instituto-de-pesquisa-pele-pequeno-principe\"]}]}<\/script>\n<!-- \/ Yoast SEO plugin. -->","yoast_head_json":{"title":"Cookies Policy - Instituto de Pesquisa Pel\u00e9 Pequeno Principe","robots":{"index":"index","follow":"follow","max-snippet":"max-snippet:-1","max-image-preview":"max-image-preview:large","max-video-preview":"max-video-preview:-1"},"canonical":"https:\/\/pelepequenoprincipe.org.br\/politica-de-cookies\/","og_locale":"en_US","og_type":"article","og_title":"Cookies Policy - Instituto de Pesquisa Pel\u00e9 Pequeno Principe","og_description":"Coletamos Cookies* (pequenos peda\u00e7os de informa\u00e7\u00f5es armazenados no seu computador) para verificar quem voc\u00ea \u00e9. Alguns desses cookies s\u00e3o usados para autentica\u00e7\u00e3o do Usu\u00e1rio e outros para conveni\u00eancia, para \u2018lembrar\u2019 de voc\u00ea e suas prefer\u00eancias, seja para uma \u00fanica visita (por meio de um \u2018cookie de sess\u00e3o\u2019) ou para v\u00e1rias visitas repetidas (usando um \u2018cookie [&hellip;]","og_url":"https:\/\/pelepequenoprincipe.org.br\/politica-de-cookies\/","og_site_name":"Instituto de Pesquisa Pel\u00e9 Pequeno Principe","article_modified_time":"2024-07-09T23:07:36+00:00","twitter_card":"summary_large_image","twitter_misc":{"Est. reading time":"3 minutes"},"schema":{"@context":"https:\/\/schema.org","@graph":[{"@type":"WebPage","@id":"https:\/\/pelepequenoprincipe.org.br\/politica-de-cookies\/","url":"https:\/\/pelepequenoprincipe.org.br\/politica-de-cookies\/","name":"Cookies Policy - Instituto de Pesquisa Pel\u00e9 Pequeno Principe","isPartOf":{"@id":"https:\/\/pelepequenoprincipe.org.br\/#website"},"datePublished":"2023-07-28T20:03:43+00:00","dateModified":"2024-07-09T23:07:36+00:00","breadcrumb":{"@id":"https:\/\/pelepequenoprincipe.org.br\/politica-de-cookies\/#breadcrumb"},"inLanguage":"en-US","potentialAction":[{"@type":"ReadAction","target":["https:\/\/pelepequenoprincipe.org.br\/politica-de-cookies\/"]}]},{"@type":"BreadcrumbList","@id":"https:\/\/pelepequenoprincipe.org.br\/politica-de-cookies\/#breadcrumb","itemListElement":[{"@type":"ListItem","position":1,"name":"In\u00edcio","item":"https:\/\/pelepequenoprincipe.org.br\/en\/"},{"@type":"ListItem","position":2,"name":"Cookies Policy"}]},{"@type":"WebSite","@id":"https:\/\/pelepequenoprincipe.org.br\/#website","url":"https:\/\/pelepequenoprincipe.org.br\/","name":"Instituto de Pesquisa Pel\u00e9 Pequeno Principe","description":"","publisher":{"@id":"https:\/\/pelepequenoprincipe.org.br\/#organization"},"potentialAction":[{"@type":"SearchAction","target":{"@type":"EntryPoint","urlTemplate":"https:\/\/pelepequenoprincipe.org.br\/?s={search_term_string}"},"query-input":{"@type":"PropertyValueSpecification","valueRequired":true,"valueName":"search_term_string"}}],"inLanguage":"en-US"},{"@type":"Organization","@id":"https:\/\/pelepequenoprincipe.org.br\/#organization","name":"Instituto de Pesquisa Pel\u00e9 Pequeno Principe","url":"https:\/\/pelepequenoprincipe.org.br\/","logo":{"@type":"ImageObject","inLanguage":"en-US","@id":"https:\/\/pelepequenoprincipe.org.br\/#\/schema\/logo\/image\/","url":"https:\/\/pelepequenoprincipe.org.br\/wp-content\/uploads\/2025\/04\/thumb-logo.png","contentUrl":"https:\/\/pelepequenoprincipe.org.br\/wp-content\/uploads\/2025\/04\/thumb-logo.png","width":370,"height":230,"caption":"Instituto de Pesquisa Pel\u00e9 Pequeno Principe"},"image":{"@id":"https:\/\/pelepequenoprincipe.org.br\/#\/schema\/logo\/image\/"},"sameAs":["https:\/\/www.instagram.com\/institutopelepequenoprincipe","https:\/\/www.linkedin.com\/company\/instituto-de-pesquisa-pele-pequeno-principe"]}]}},"_links":{"self":[{"href":"https:\/\/pelepequenoprincipe.org.br\/en\/wp-json\/wp\/v2\/pages\/1181","targetHints":{"allow":["GET"]}}],"collection":[{"href":"https:\/\/pelepequenoprincipe.org.br\/en\/wp-json\/wp\/v2\/pages"}],"about":[{"href":"https:\/\/pelepequenoprincipe.org.br\/en\/wp-json\/wp\/v2\/types\/page"}],"author":[{"embeddable":true,"href":"https:\/\/pelepequenoprincipe.org.br\/en\/wp-json\/wp\/v2\/users\/1"}],"replies":[{"embeddable":true,"href":"https:\/\/pelepequenoprincipe.org.br\/en\/wp-json\/wp\/v2\/comments?post=1181"}],"version-history":[{"count":0,"href":"https:\/\/pelepequenoprincipe.org.br\/en\/wp-json\/wp\/v2\/pages\/1181\/revisions"}],"wp:attachment":[{"href":"https:\/\/pelepequenoprincipe.org.br\/en\/wp-json\/wp\/v2\/media?parent=1181"}],"curies":[{"name":"wp","href":"https:\/\/api.w.org\/{rel}","templated":true}]}}