{"id":1178,"date":"2024-04-15T14:12:01","date_gmt":"2024-04-15T17:12:01","guid":{"rendered":"https:\/\/pelepequenoprincipe.org.br\/informacoes\/produtividade\/"},"modified":"2024-07-09T21:24:10","modified_gmt":"2024-07-10T00:24:10","slug":"productivity","status":"publish","type":"page","link":"https:\/\/pelepequenoprincipe.org.br\/en\/information\/productivity\/","title":{"rendered":"Productivity"},"content":{"rendered":"<p>Lorem ipsum dolor sit amet, consectetur adipiscing elit, sed do eiusmod tempor incididunt ut labore et dolore magna aliqua.\u00a0<a href=\"https:\/\/pelepequenoprincipe.org.br\/noticia\/lorem-ipsum-dolor-sit-amet-consectetur-adipiscing-elit-11\/#\">Ut enim ad minim veniam<\/a>, quis nostrud exercitation ullamco laboris nisi ut aliquip ex ea commodo consequat.<\/p>\n<p>Duis aute irure dolor in reprehenderit in voluptate velit esse cillum dolore eu fugiat nulla pariatur. Excepteur sint occaecat cupidatat non proident, sunt in culpa qui officia deserunt mollit anim id est laborum.<\/p>\n<h3>Parcerias<\/h3>\n<ul>\n<li>Universidade de Nice<\/li>\n<li>Instituto de Farmacologia Molecular e Celular de Valbonne<\/li>\n<li>Instituto Pasteur (Fran\u00e7a)<\/li>\n<li>St. Jude Children\u2019s Research Hospital<\/li>\n<li>Universidade da Calif\u00f3rnia<\/li>\n<li>Universidade de Georgetown (EUA)<\/li>\n<li>Instituto de F\u00edsica da USP em S\u00e3o Carlos-SP<\/li>\n<li>Universidade Federal de Pernambuco<\/li>\n<li>Universidade Federal de S\u00e3o Paulo (Unifesp)<\/li>\n<li>Mineropar \u2014 Minerais do Paran\u00e1 S.A.<\/li>\n<li>Mengarelli Inform\u00e1tica<\/li>\n<li>Secretarias de Sa\u00fade do Estado do Paran\u00e1<\/li>\n<li>Munic\u00edpio de Curitiba<\/li>\n<li>Empresas p\u00fablicas e privadas<\/li>\n<li>Institui\u00e7\u00f5es de pesquisa do Paran\u00e1.<\/li>\n<li>Institui\u00e7\u00f5es cient\u00edficas da It\u00e1lia e Alemanha<\/li>\n<\/ul>\n<h3>Conv\u00eanios<\/h3>\n<p>Sed ut perspiciatis unde omnis iste natus error sit voluptatem accusantium doloremque laudantium, totam rem aperiam, eaque ipsa quae ab illo inventore veritatis et quasi architecto beatae vitae dicta sunt explicabo.\u00a0<strong>Nemo enim ipsam voluptatem quia voluptas sit aspernatur aut odit aut fugit<\/strong>, sed quia consequuntur magni dolores eos qui ratione voluptatem sequi nesciunt. Neque porro quisquam est, qui dolorem ipsum quia dolor sit amet, consectetur, adipisci velit, sed quia non numquam eius modi tempora incidunt ut labore et dolore magnam aliquam quaerat voluptatem.<\/p>\n<p>Neque porro quisquam est, qui dolorem ipsum quia dolor sit amet, consectetur, adipisci velit, sed quia non numquam eius modi tempora incidunt ut labore et dolore magnam aliquam quaerat.<\/p>\n<h3>\u00d3rg\u00e3os de fomento<\/h3>\n<p>Sed ut perspiciatis unde omnis iste natus error sit voluptatem accusantium doloremque laudantium, totam rem aperiam, eaque ipsa quae ab illo inventore veritatis et quasi architecto beatae vitae dicta sunt explicabo.\u00a0Nemo enim ipsam voluptatem quia voluptas sit aspernatur aut odit aut fugit, sed quia consequuntur magni dolores eos qui ratione voluptatem sequi nesciunt.<\/p>\n<p>Neque porro quisquam est, qui dolorem ipsum quia dolor sit amet, consectetur, adipisci velit, sed quia non numquam eius modi tempora incidunt ut labore et dolore magnam aliquam quaerat voluptatem.<\/p>\n<h3>Patentes<\/h3>\n<p>Sed ut perspiciatis unde omnis iste natus error sit voluptatem accusantium doloremque laudantium, totam rem aperiam, eaque ipsa quae ab illo inventore veritatis et quasi architecto beatae vitae dicta sunt explicabo.<\/p>\n<p><strong>Nemo enim ipsam voluptatem quia voluptas sit aspernatur aut odit aut fugit<\/strong>, sed quia consequuntur magni dolores eos qui ratione voluptatem sequi nesciunt. Neque porro quisquam est, qui dolorem ipsum quia dolor sit amet, consectetur, adipisci velit, sed quia non numquam eius modi tempora incidunt ut labore et dolore magnam aliquam quaerat voluptatem.<\/p>\n<p>&nbsp;<\/p>\n","protected":false},"excerpt":{"rendered":"<p>Lorem ipsum dolor sit amet, consectetur adipiscing elit, sed do eiusmod tempor incididunt ut labore et dolore magna aliqua.\u00a0Ut enim ad minim veniam, quis nostrud exercitation ullamco laboris nisi ut aliquip ex ea commodo consequat. Duis aute irure dolor in reprehenderit in voluptate velit esse cillum dolore eu fugiat nulla pariatur. Excepteur sint occaecat cupidatat [&hellip;]<\/p>\n","protected":false},"author":1,"featured_media":0,"parent":1177,"menu_order":1,"comment_status":"closed","ping_status":"closed","template":"page-template\/page-padrao.php","meta":{"_acf_changed":false,"footnotes":""},"class_list":["post-1178","page","type-page","status-publish","hentry"],"acf":[],"yoast_head":"<!-- This site is optimized with the Yoast SEO plugin v26.2 - https:\/\/yoast.com\/wordpress\/plugins\/seo\/ -->\n<title>Productivity - Instituto de Pesquisa Pel\u00e9 Pequeno Principe<\/title>\n<meta name=\"robots\" content=\"index, follow, max-snippet:-1, max-image-preview:large, max-video-preview:-1\" \/>\n<link rel=\"canonical\" href=\"https:\/\/pelepequenoprincipe.org.br\/informacoes\/produtividade\/\" \/>\n<meta property=\"og:locale\" content=\"en_US\" \/>\n<meta property=\"og:type\" content=\"article\" \/>\n<meta property=\"og:title\" content=\"Productivity - Instituto de Pesquisa Pel\u00e9 Pequeno Principe\" \/>\n<meta property=\"og:description\" content=\"Lorem ipsum dolor sit amet, consectetur adipiscing elit, sed do eiusmod tempor incididunt ut labore et dolore magna aliqua.\u00a0Ut enim ad minim veniam, quis nostrud exercitation ullamco laboris nisi ut aliquip ex ea commodo consequat. Duis aute irure dolor in reprehenderit in voluptate velit esse cillum dolore eu fugiat nulla pariatur. Excepteur sint occaecat cupidatat [&hellip;]\" \/>\n<meta property=\"og:url\" content=\"https:\/\/pelepequenoprincipe.org.br\/informacoes\/produtividade\/\" \/>\n<meta property=\"og:site_name\" content=\"Instituto de Pesquisa Pel\u00e9 Pequeno Principe\" \/>\n<meta property=\"article:modified_time\" content=\"2024-07-10T00:24:10+00:00\" \/>\n<meta name=\"twitter:card\" content=\"summary_large_image\" \/>\n<meta name=\"twitter:label1\" content=\"Est. reading time\" \/>\n\t<meta name=\"twitter:data1\" content=\"2 minutes\" \/>\n<script type=\"application\/ld+json\" class=\"yoast-schema-graph\">{\"@context\":\"https:\/\/schema.org\",\"@graph\":[{\"@type\":\"WebPage\",\"@id\":\"https:\/\/pelepequenoprincipe.org.br\/informacoes\/produtividade\/\",\"url\":\"https:\/\/pelepequenoprincipe.org.br\/informacoes\/produtividade\/\",\"name\":\"Productivity - Instituto de Pesquisa Pel\u00e9 Pequeno Principe\",\"isPartOf\":{\"@id\":\"https:\/\/pelepequenoprincipe.org.br\/#website\"},\"datePublished\":\"2024-04-15T17:12:01+00:00\",\"dateModified\":\"2024-07-10T00:24:10+00:00\",\"breadcrumb\":{\"@id\":\"https:\/\/pelepequenoprincipe.org.br\/informacoes\/produtividade\/#breadcrumb\"},\"inLanguage\":\"en-US\",\"potentialAction\":[{\"@type\":\"ReadAction\",\"target\":[\"https:\/\/pelepequenoprincipe.org.br\/informacoes\/produtividade\/\"]}]},{\"@type\":\"BreadcrumbList\",\"@id\":\"https:\/\/pelepequenoprincipe.org.br\/informacoes\/produtividade\/#breadcrumb\",\"itemListElement\":[{\"@type\":\"ListItem\",\"position\":1,\"name\":\"In\u00edcio\",\"item\":\"https:\/\/pelepequenoprincipe.org.br\/en\/\"},{\"@type\":\"ListItem\",\"position\":2,\"name\":\"Information\",\"item\":\"https:\/\/pelepequenoprincipe.org.br\/informacoes\/\"},{\"@type\":\"ListItem\",\"position\":3,\"name\":\"Productivity\"}]},{\"@type\":\"WebSite\",\"@id\":\"https:\/\/pelepequenoprincipe.org.br\/#website\",\"url\":\"https:\/\/pelepequenoprincipe.org.br\/\",\"name\":\"Instituto de Pesquisa Pel\u00e9 Pequeno Principe\",\"description\":\"\",\"publisher\":{\"@id\":\"https:\/\/pelepequenoprincipe.org.br\/#organization\"},\"potentialAction\":[{\"@type\":\"SearchAction\",\"target\":{\"@type\":\"EntryPoint\",\"urlTemplate\":\"https:\/\/pelepequenoprincipe.org.br\/?s={search_term_string}\"},\"query-input\":{\"@type\":\"PropertyValueSpecification\",\"valueRequired\":true,\"valueName\":\"search_term_string\"}}],\"inLanguage\":\"en-US\"},{\"@type\":\"Organization\",\"@id\":\"https:\/\/pelepequenoprincipe.org.br\/#organization\",\"name\":\"Instituto de Pesquisa Pel\u00e9 Pequeno Principe\",\"url\":\"https:\/\/pelepequenoprincipe.org.br\/\",\"logo\":{\"@type\":\"ImageObject\",\"inLanguage\":\"en-US\",\"@id\":\"https:\/\/pelepequenoprincipe.org.br\/#\/schema\/logo\/image\/\",\"url\":\"https:\/\/pelepequenoprincipe.org.br\/wp-content\/uploads\/2025\/04\/thumb-logo.png\",\"contentUrl\":\"https:\/\/pelepequenoprincipe.org.br\/wp-content\/uploads\/2025\/04\/thumb-logo.png\",\"width\":370,\"height\":230,\"caption\":\"Instituto de Pesquisa Pel\u00e9 Pequeno Principe\"},\"image\":{\"@id\":\"https:\/\/pelepequenoprincipe.org.br\/#\/schema\/logo\/image\/\"},\"sameAs\":[\"https:\/\/www.instagram.com\/institutopelepequenoprincipe\",\"https:\/\/www.linkedin.com\/company\/instituto-de-pesquisa-pele-pequeno-principe\"]}]}<\/script>\n<!-- \/ Yoast SEO plugin. -->","yoast_head_json":{"title":"Productivity - Instituto de Pesquisa Pel\u00e9 Pequeno Principe","robots":{"index":"index","follow":"follow","max-snippet":"max-snippet:-1","max-image-preview":"max-image-preview:large","max-video-preview":"max-video-preview:-1"},"canonical":"https:\/\/pelepequenoprincipe.org.br\/informacoes\/produtividade\/","og_locale":"en_US","og_type":"article","og_title":"Productivity - Instituto de Pesquisa Pel\u00e9 Pequeno Principe","og_description":"Lorem ipsum dolor sit amet, consectetur adipiscing elit, sed do eiusmod tempor incididunt ut labore et dolore magna aliqua.\u00a0Ut enim ad minim veniam, quis nostrud exercitation ullamco laboris nisi ut aliquip ex ea commodo consequat. Duis aute irure dolor in reprehenderit in voluptate velit esse cillum dolore eu fugiat nulla pariatur. Excepteur sint occaecat cupidatat [&hellip;]","og_url":"https:\/\/pelepequenoprincipe.org.br\/informacoes\/produtividade\/","og_site_name":"Instituto de Pesquisa Pel\u00e9 Pequeno Principe","article_modified_time":"2024-07-10T00:24:10+00:00","twitter_card":"summary_large_image","twitter_misc":{"Est. reading time":"2 minutes"},"schema":{"@context":"https:\/\/schema.org","@graph":[{"@type":"WebPage","@id":"https:\/\/pelepequenoprincipe.org.br\/informacoes\/produtividade\/","url":"https:\/\/pelepequenoprincipe.org.br\/informacoes\/produtividade\/","name":"Productivity - Instituto de Pesquisa Pel\u00e9 Pequeno Principe","isPartOf":{"@id":"https:\/\/pelepequenoprincipe.org.br\/#website"},"datePublished":"2024-04-15T17:12:01+00:00","dateModified":"2024-07-10T00:24:10+00:00","breadcrumb":{"@id":"https:\/\/pelepequenoprincipe.org.br\/informacoes\/produtividade\/#breadcrumb"},"inLanguage":"en-US","potentialAction":[{"@type":"ReadAction","target":["https:\/\/pelepequenoprincipe.org.br\/informacoes\/produtividade\/"]}]},{"@type":"BreadcrumbList","@id":"https:\/\/pelepequenoprincipe.org.br\/informacoes\/produtividade\/#breadcrumb","itemListElement":[{"@type":"ListItem","position":1,"name":"In\u00edcio","item":"https:\/\/pelepequenoprincipe.org.br\/en\/"},{"@type":"ListItem","position":2,"name":"Information","item":"https:\/\/pelepequenoprincipe.org.br\/informacoes\/"},{"@type":"ListItem","position":3,"name":"Productivity"}]},{"@type":"WebSite","@id":"https:\/\/pelepequenoprincipe.org.br\/#website","url":"https:\/\/pelepequenoprincipe.org.br\/","name":"Instituto de Pesquisa Pel\u00e9 Pequeno Principe","description":"","publisher":{"@id":"https:\/\/pelepequenoprincipe.org.br\/#organization"},"potentialAction":[{"@type":"SearchAction","target":{"@type":"EntryPoint","urlTemplate":"https:\/\/pelepequenoprincipe.org.br\/?s={search_term_string}"},"query-input":{"@type":"PropertyValueSpecification","valueRequired":true,"valueName":"search_term_string"}}],"inLanguage":"en-US"},{"@type":"Organization","@id":"https:\/\/pelepequenoprincipe.org.br\/#organization","name":"Instituto de Pesquisa Pel\u00e9 Pequeno Principe","url":"https:\/\/pelepequenoprincipe.org.br\/","logo":{"@type":"ImageObject","inLanguage":"en-US","@id":"https:\/\/pelepequenoprincipe.org.br\/#\/schema\/logo\/image\/","url":"https:\/\/pelepequenoprincipe.org.br\/wp-content\/uploads\/2025\/04\/thumb-logo.png","contentUrl":"https:\/\/pelepequenoprincipe.org.br\/wp-content\/uploads\/2025\/04\/thumb-logo.png","width":370,"height":230,"caption":"Instituto de Pesquisa Pel\u00e9 Pequeno Principe"},"image":{"@id":"https:\/\/pelepequenoprincipe.org.br\/#\/schema\/logo\/image\/"},"sameAs":["https:\/\/www.instagram.com\/institutopelepequenoprincipe","https:\/\/www.linkedin.com\/company\/instituto-de-pesquisa-pele-pequeno-principe"]}]}},"_links":{"self":[{"href":"https:\/\/pelepequenoprincipe.org.br\/en\/wp-json\/wp\/v2\/pages\/1178","targetHints":{"allow":["GET"]}}],"collection":[{"href":"https:\/\/pelepequenoprincipe.org.br\/en\/wp-json\/wp\/v2\/pages"}],"about":[{"href":"https:\/\/pelepequenoprincipe.org.br\/en\/wp-json\/wp\/v2\/types\/page"}],"author":[{"embeddable":true,"href":"https:\/\/pelepequenoprincipe.org.br\/en\/wp-json\/wp\/v2\/users\/1"}],"replies":[{"embeddable":true,"href":"https:\/\/pelepequenoprincipe.org.br\/en\/wp-json\/wp\/v2\/comments?post=1178"}],"version-history":[{"count":0,"href":"https:\/\/pelepequenoprincipe.org.br\/en\/wp-json\/wp\/v2\/pages\/1178\/revisions"}],"up":[{"embeddable":true,"href":"https:\/\/pelepequenoprincipe.org.br\/en\/wp-json\/wp\/v2\/pages\/1177"}],"wp:attachment":[{"href":"https:\/\/pelepequenoprincipe.org.br\/en\/wp-json\/wp\/v2\/media?parent=1178"}],"curies":[{"name":"wp","href":"https:\/\/api.w.org\/{rel}","templated":true}]}}