{"id":1144,"date":"2023-07-28T17:03:43","date_gmt":"2023-07-28T20:03:43","guid":{"rendered":"https:\/\/pelepequenoprincipe.org.br\/institutional\/governanca\/"},"modified":"2024-07-09T19:45:25","modified_gmt":"2024-07-09T22:45:25","slug":"governance","status":"publish","type":"page","link":"https:\/\/pelepequenoprincipe.org.br\/en\/institutional\/governance\/","title":{"rendered":"Governance"},"content":{"rendered":"<p>A governan\u00e7a do\u00a0<strong>Complexo Pequeno Pr\u00edncipe<\/strong>\u00a0est\u00e1 estruturada a partir da Associa\u00e7\u00e3o Hospitalar de Prote\u00e7\u00e3o \u00e0 Inf\u00e2ncia Dr. Raul Carneiro, mantenedora do Complexo.<\/p>\n<p>A Associa\u00e7\u00e3o conta com um\u00a0<strong>Conselho Superior volunt\u00e1rio<\/strong>, cuja principal fun\u00e7\u00e3o \u00e9 assegurar o pleno exerc\u00edcio da miss\u00e3o institucional. Os conselheiros \u2013 que s\u00e3o eleitos a cada quatro anos \u2013 se re\u00fanem regularmente para apoiar no planejamento estrat\u00e9gico e na avalia\u00e7\u00e3o das decis\u00f5es das diretorias das unidades da institui\u00e7\u00e3o, bem como para analisar as presta\u00e7\u00f5es de contas e grandes decis\u00f5es financeiras. O Complexo acredita que uma governan\u00e7a bem estruturada garante uma gest\u00e3o segura e forte.<\/p>\n<h3>Conselho Superior da Mantenedora (Associa\u00e7\u00e3o Hospitalar de Prote\u00e7\u00e3o \u00e0 Inf\u00e2ncia Dr. Raul Carneiro)<\/h3>\n<p><strong>Presidente<\/strong><br \/>\nEty da Concei\u00e7\u00e3o Gon\u00e7alves Forte<\/p>\n<p><strong>Vice-Presidente<\/strong><br \/>\nBreno Trautwein J\u00fanior<\/p>\n<p><strong>Primeiro-Tesoureiro<\/strong><br \/>\nH\u00e9lio J\u00falio Marchi<\/p>\n<p><strong>Segundo-Tesoureiro<\/strong><br \/>\nLuiz Felippe Rodrigues Siqueira J\u00fanior<\/p>\n<p><strong>Primeira-Secret\u00e1ria<\/strong><br \/>\nVera Regina Maranh\u00e3o Trevisan<\/p>\n<p><strong>Segundo-Secret\u00e1rio<br \/>\n<\/strong>Luiz Fernando Rodrigues Siqueira<\/p>\n<p><strong>Secret\u00e1rio-Geral<br \/>\n<\/strong>Jos\u00e9 \u00c1lvaro da Silva Carneiro<\/p>\n<h3>Complexo Pequeno Pr\u00edncipe<\/h3>\n<p><strong>Diretor-Corporativo<br \/>\n<\/strong>Jos\u00e9 \u00c1lvaro da Silva Carneiro<\/p>\n<h3>Instituto de Pesquisa Pel\u00e9 Pequeno Pr\u00edncipe<\/h3>\n<p><strong>Diretora-Geral<br \/>\n<\/strong>Ety Cristina Forte Carneiro<\/p>\n<p><strong>Diretor Cient\u00edfico<br \/>\n<\/strong>Bonald Cavalcante de Figueiredo<\/p>\n<p><strong>Diretora de Rela\u00e7\u00f5es Institucionais<br \/>\n<\/strong>Mara L\u00facia Cordeiro<\/p>\n<p><strong>Diretora de Medicina Translacional<br \/>\n<\/strong>Carolina Cardoso de Mello Prando<\/p>\n","protected":false},"excerpt":{"rendered":"<p>A governan\u00e7a do\u00a0Complexo Pequeno Pr\u00edncipe\u00a0est\u00e1 estruturada a partir da Associa\u00e7\u00e3o Hospitalar de Prote\u00e7\u00e3o \u00e0 Inf\u00e2ncia Dr. Raul Carneiro, mantenedora do Complexo. A Associa\u00e7\u00e3o conta com um\u00a0Conselho Superior volunt\u00e1rio, cuja principal fun\u00e7\u00e3o \u00e9 assegurar o pleno exerc\u00edcio da miss\u00e3o institucional. Os conselheiros \u2013 que s\u00e3o eleitos a cada quatro anos \u2013 se re\u00fanem regularmente para apoiar [&hellip;]<\/p>\n","protected":false},"author":1,"featured_media":0,"parent":1001,"menu_order":4,"comment_status":"closed","ping_status":"closed","template":"page-template\/page-padrao.php","meta":{"_acf_changed":false,"footnotes":""},"class_list":["post-1144","page","type-page","status-publish","hentry"],"acf":[],"yoast_head":"<!-- This site is optimized with the Yoast SEO plugin v26.2 - https:\/\/yoast.com\/wordpress\/plugins\/seo\/ -->\n<title>Governance - Instituto de Pesquisa Pel\u00e9 Pequeno Principe<\/title>\n<meta name=\"robots\" content=\"index, follow, max-snippet:-1, max-image-preview:large, max-video-preview:-1\" \/>\n<link rel=\"canonical\" href=\"https:\/\/pelepequenoprincipe.org.br\/institucional\/governanca\/\" \/>\n<meta property=\"og:locale\" content=\"en_US\" \/>\n<meta property=\"og:type\" content=\"article\" \/>\n<meta property=\"og:title\" content=\"Governance - Instituto de Pesquisa Pel\u00e9 Pequeno Principe\" \/>\n<meta property=\"og:description\" content=\"A governan\u00e7a do\u00a0Complexo Pequeno Pr\u00edncipe\u00a0est\u00e1 estruturada a partir da Associa\u00e7\u00e3o Hospitalar de Prote\u00e7\u00e3o \u00e0 Inf\u00e2ncia Dr. Raul Carneiro, mantenedora do Complexo. A Associa\u00e7\u00e3o conta com um\u00a0Conselho Superior volunt\u00e1rio, cuja principal fun\u00e7\u00e3o \u00e9 assegurar o pleno exerc\u00edcio da miss\u00e3o institucional. Os conselheiros \u2013 que s\u00e3o eleitos a cada quatro anos \u2013 se re\u00fanem regularmente para apoiar [&hellip;]\" \/>\n<meta property=\"og:url\" content=\"https:\/\/pelepequenoprincipe.org.br\/institucional\/governanca\/\" \/>\n<meta property=\"og:site_name\" content=\"Instituto de Pesquisa Pel\u00e9 Pequeno Principe\" \/>\n<meta property=\"article:modified_time\" content=\"2024-07-09T22:45:25+00:00\" \/>\n<meta name=\"twitter:card\" content=\"summary_large_image\" \/>\n<meta name=\"twitter:label1\" content=\"Est. reading time\" \/>\n\t<meta name=\"twitter:data1\" content=\"1 minute\" \/>\n<script type=\"application\/ld+json\" class=\"yoast-schema-graph\">{\"@context\":\"https:\/\/schema.org\",\"@graph\":[{\"@type\":\"WebPage\",\"@id\":\"https:\/\/pelepequenoprincipe.org.br\/institucional\/governanca\/\",\"url\":\"https:\/\/pelepequenoprincipe.org.br\/institucional\/governanca\/\",\"name\":\"Governance - Instituto de Pesquisa Pel\u00e9 Pequeno Principe\",\"isPartOf\":{\"@id\":\"https:\/\/pelepequenoprincipe.org.br\/#website\"},\"datePublished\":\"2023-07-28T20:03:43+00:00\",\"dateModified\":\"2024-07-09T22:45:25+00:00\",\"breadcrumb\":{\"@id\":\"https:\/\/pelepequenoprincipe.org.br\/institucional\/governanca\/#breadcrumb\"},\"inLanguage\":\"en-US\",\"potentialAction\":[{\"@type\":\"ReadAction\",\"target\":[\"https:\/\/pelepequenoprincipe.org.br\/institucional\/governanca\/\"]}]},{\"@type\":\"BreadcrumbList\",\"@id\":\"https:\/\/pelepequenoprincipe.org.br\/institucional\/governanca\/#breadcrumb\",\"itemListElement\":[{\"@type\":\"ListItem\",\"position\":1,\"name\":\"In\u00edcio\",\"item\":\"https:\/\/pelepequenoprincipe.org.br\/en\/\"},{\"@type\":\"ListItem\",\"position\":2,\"name\":\"Institutional\",\"item\":\"https:\/\/pelepequenoprincipe.org.br\/en\/institutional\/\"},{\"@type\":\"ListItem\",\"position\":3,\"name\":\"Governance\"}]},{\"@type\":\"WebSite\",\"@id\":\"https:\/\/pelepequenoprincipe.org.br\/#website\",\"url\":\"https:\/\/pelepequenoprincipe.org.br\/\",\"name\":\"Instituto de Pesquisa Pel\u00e9 Pequeno Principe\",\"description\":\"\",\"publisher\":{\"@id\":\"https:\/\/pelepequenoprincipe.org.br\/#organization\"},\"potentialAction\":[{\"@type\":\"SearchAction\",\"target\":{\"@type\":\"EntryPoint\",\"urlTemplate\":\"https:\/\/pelepequenoprincipe.org.br\/?s={search_term_string}\"},\"query-input\":{\"@type\":\"PropertyValueSpecification\",\"valueRequired\":true,\"valueName\":\"search_term_string\"}}],\"inLanguage\":\"en-US\"},{\"@type\":\"Organization\",\"@id\":\"https:\/\/pelepequenoprincipe.org.br\/#organization\",\"name\":\"Instituto de Pesquisa Pel\u00e9 Pequeno Principe\",\"url\":\"https:\/\/pelepequenoprincipe.org.br\/\",\"logo\":{\"@type\":\"ImageObject\",\"inLanguage\":\"en-US\",\"@id\":\"https:\/\/pelepequenoprincipe.org.br\/#\/schema\/logo\/image\/\",\"url\":\"https:\/\/pelepequenoprincipe.org.br\/wp-content\/uploads\/2025\/04\/thumb-logo.png\",\"contentUrl\":\"https:\/\/pelepequenoprincipe.org.br\/wp-content\/uploads\/2025\/04\/thumb-logo.png\",\"width\":370,\"height\":230,\"caption\":\"Instituto de Pesquisa Pel\u00e9 Pequeno Principe\"},\"image\":{\"@id\":\"https:\/\/pelepequenoprincipe.org.br\/#\/schema\/logo\/image\/\"},\"sameAs\":[\"https:\/\/www.instagram.com\/institutopelepequenoprincipe\",\"https:\/\/www.linkedin.com\/company\/instituto-de-pesquisa-pele-pequeno-principe\"]}]}<\/script>\n<!-- \/ Yoast SEO plugin. -->","yoast_head_json":{"title":"Governance - Instituto de Pesquisa Pel\u00e9 Pequeno Principe","robots":{"index":"index","follow":"follow","max-snippet":"max-snippet:-1","max-image-preview":"max-image-preview:large","max-video-preview":"max-video-preview:-1"},"canonical":"https:\/\/pelepequenoprincipe.org.br\/institucional\/governanca\/","og_locale":"en_US","og_type":"article","og_title":"Governance - Instituto de Pesquisa Pel\u00e9 Pequeno Principe","og_description":"A governan\u00e7a do\u00a0Complexo Pequeno Pr\u00edncipe\u00a0est\u00e1 estruturada a partir da Associa\u00e7\u00e3o Hospitalar de Prote\u00e7\u00e3o \u00e0 Inf\u00e2ncia Dr. Raul Carneiro, mantenedora do Complexo. A Associa\u00e7\u00e3o conta com um\u00a0Conselho Superior volunt\u00e1rio, cuja principal fun\u00e7\u00e3o \u00e9 assegurar o pleno exerc\u00edcio da miss\u00e3o institucional. Os conselheiros \u2013 que s\u00e3o eleitos a cada quatro anos \u2013 se re\u00fanem regularmente para apoiar [&hellip;]","og_url":"https:\/\/pelepequenoprincipe.org.br\/institucional\/governanca\/","og_site_name":"Instituto de Pesquisa Pel\u00e9 Pequeno Principe","article_modified_time":"2024-07-09T22:45:25+00:00","twitter_card":"summary_large_image","twitter_misc":{"Est. reading time":"1 minute"},"schema":{"@context":"https:\/\/schema.org","@graph":[{"@type":"WebPage","@id":"https:\/\/pelepequenoprincipe.org.br\/institucional\/governanca\/","url":"https:\/\/pelepequenoprincipe.org.br\/institucional\/governanca\/","name":"Governance - Instituto de Pesquisa Pel\u00e9 Pequeno Principe","isPartOf":{"@id":"https:\/\/pelepequenoprincipe.org.br\/#website"},"datePublished":"2023-07-28T20:03:43+00:00","dateModified":"2024-07-09T22:45:25+00:00","breadcrumb":{"@id":"https:\/\/pelepequenoprincipe.org.br\/institucional\/governanca\/#breadcrumb"},"inLanguage":"en-US","potentialAction":[{"@type":"ReadAction","target":["https:\/\/pelepequenoprincipe.org.br\/institucional\/governanca\/"]}]},{"@type":"BreadcrumbList","@id":"https:\/\/pelepequenoprincipe.org.br\/institucional\/governanca\/#breadcrumb","itemListElement":[{"@type":"ListItem","position":1,"name":"In\u00edcio","item":"https:\/\/pelepequenoprincipe.org.br\/en\/"},{"@type":"ListItem","position":2,"name":"Institutional","item":"https:\/\/pelepequenoprincipe.org.br\/en\/institutional\/"},{"@type":"ListItem","position":3,"name":"Governance"}]},{"@type":"WebSite","@id":"https:\/\/pelepequenoprincipe.org.br\/#website","url":"https:\/\/pelepequenoprincipe.org.br\/","name":"Instituto de Pesquisa Pel\u00e9 Pequeno Principe","description":"","publisher":{"@id":"https:\/\/pelepequenoprincipe.org.br\/#organization"},"potentialAction":[{"@type":"SearchAction","target":{"@type":"EntryPoint","urlTemplate":"https:\/\/pelepequenoprincipe.org.br\/?s={search_term_string}"},"query-input":{"@type":"PropertyValueSpecification","valueRequired":true,"valueName":"search_term_string"}}],"inLanguage":"en-US"},{"@type":"Organization","@id":"https:\/\/pelepequenoprincipe.org.br\/#organization","name":"Instituto de Pesquisa Pel\u00e9 Pequeno Principe","url":"https:\/\/pelepequenoprincipe.org.br\/","logo":{"@type":"ImageObject","inLanguage":"en-US","@id":"https:\/\/pelepequenoprincipe.org.br\/#\/schema\/logo\/image\/","url":"https:\/\/pelepequenoprincipe.org.br\/wp-content\/uploads\/2025\/04\/thumb-logo.png","contentUrl":"https:\/\/pelepequenoprincipe.org.br\/wp-content\/uploads\/2025\/04\/thumb-logo.png","width":370,"height":230,"caption":"Instituto de Pesquisa Pel\u00e9 Pequeno Principe"},"image":{"@id":"https:\/\/pelepequenoprincipe.org.br\/#\/schema\/logo\/image\/"},"sameAs":["https:\/\/www.instagram.com\/institutopelepequenoprincipe","https:\/\/www.linkedin.com\/company\/instituto-de-pesquisa-pele-pequeno-principe"]}]}},"_links":{"self":[{"href":"https:\/\/pelepequenoprincipe.org.br\/en\/wp-json\/wp\/v2\/pages\/1144","targetHints":{"allow":["GET"]}}],"collection":[{"href":"https:\/\/pelepequenoprincipe.org.br\/en\/wp-json\/wp\/v2\/pages"}],"about":[{"href":"https:\/\/pelepequenoprincipe.org.br\/en\/wp-json\/wp\/v2\/types\/page"}],"author":[{"embeddable":true,"href":"https:\/\/pelepequenoprincipe.org.br\/en\/wp-json\/wp\/v2\/users\/1"}],"replies":[{"embeddable":true,"href":"https:\/\/pelepequenoprincipe.org.br\/en\/wp-json\/wp\/v2\/comments?post=1144"}],"version-history":[{"count":0,"href":"https:\/\/pelepequenoprincipe.org.br\/en\/wp-json\/wp\/v2\/pages\/1144\/revisions"}],"up":[{"embeddable":true,"href":"https:\/\/pelepequenoprincipe.org.br\/en\/wp-json\/wp\/v2\/pages\/1001"}],"wp:attachment":[{"href":"https:\/\/pelepequenoprincipe.org.br\/en\/wp-json\/wp\/v2\/media?parent=1144"}],"curies":[{"name":"wp","href":"https:\/\/api.w.org\/{rel}","templated":true}]}}